{"id":346,"date":"2024-09-17T04:47:10","date_gmt":"2024-09-17T04:47:10","guid":{"rendered":"https:\/\/ticodevscr.com\/?page_id=346"},"modified":"2024-09-18T18:31:17","modified_gmt":"2024-09-18T18:31:17","slug":"blog","status":"publish","type":"page","link":"https:\/\/ticodevscr.com\/en_us\/blog\/","title":{"rendered":"Blog"},"content":{"rendered":"<div data-elementor-type=\"wp-page\" data-elementor-id=\"346\" class=\"elementor elementor-346\" data-elementor-post-type=\"page\">\n\t\t\t\t<div class=\"elementor-element elementor-element-7b69c3a animated-slow e-flex e-con-boxed elementor-invisible e-con e-parent\" data-id=\"7b69c3a\" data-element_type=\"container\" data-e-type=\"container\" data-settings=\"{&quot;animation&quot;:&quot;fadeIn&quot;}\">\n\t\t\t\t\t<div class=\"e-con-inner\">\n\t\t\t\t<div class=\"elementor-element elementor-element-a87f49a animated-slow elementor-invisible elementor-widget elementor-widget-heading\" data-id=\"a87f49a\" data-element_type=\"widget\" data-e-type=\"widget\" data-settings=\"{&quot;_animation&quot;:&quot;bounceInRight&quot;}\" data-widget_type=\"heading.default\">\n\t\t\t\t<div class=\"elementor-widget-container\">\n\t\t\t\t\t<h2 class=\"elementor-heading-title elementor-size-default\">Coming soon News and Trends Blog<\/h2>\t\t\t\t<\/div>\n\t\t\t\t<\/div>\n\t\t\t\t<div class=\"elementor-element elementor-element-82ea9ca animated-slow elementor-widget-divider--view-line elementor-invisible elementor-widget elementor-widget-divider\" data-id=\"82ea9ca\" data-element_type=\"widget\" data-e-type=\"widget\" data-settings=\"{&quot;_animation&quot;:&quot;bounceInRight&quot;}\" data-widget_type=\"divider.default\">\n\t\t\t\t<div class=\"elementor-widget-container\">\n\t\t\t\t\t\t\t<div class=\"elementor-divider\">\n\t\t\t<span class=\"elementor-divider-separator\">\n\t\t\t\t\t\t<\/span>\n\t\t<\/div>\n\t\t\t\t\t\t<\/div>\n\t\t\t\t<\/div>\n\t\t\t\t\t<\/div>\n\t\t\t\t<\/div>\n\t\t<div class=\"elementor-element elementor-element-339eab0 e-flex e-con-boxed e-con e-parent\" data-id=\"339eab0\" data-element_type=\"container\" data-e-type=\"container\">\n\t\t\t\t\t<div class=\"e-con-inner\">\n\t\t\t\t<div class=\"elementor-element elementor-element-f74898b elementor-widget elementor-widget-html\" data-id=\"f74898b\" data-element_type=\"widget\" data-e-type=\"widget\" data-settings=\"{&quot;motion_fx_motion_fx_mouse&quot;:&quot;yes&quot;,&quot;motion_fx_tilt_effect&quot;:&quot;yes&quot;,&quot;motion_fx_tilt_speed&quot;:{&quot;unit&quot;:&quot;px&quot;,&quot;size&quot;:5,&quot;sizes&quot;:[]}}\" data-widget_type=\"html.default\">\n\t\t\t\t<div class=\"elementor-widget-container\">\n\t\t\t\t\t<video id=\"ticodevs-video\" width=\"100%\" height=\"auto\" loop autoplay muted playsinline>\r\n    <source src=\"https:\/\/ticodevscr.com\/wp-content\/uploads\/2024\/09\/Video-TicoDevs.mp4\" type=\"video\/mp4\">\r\n<\/video>\r\n\r\n<style>\r\n    video {\r\n        max-width: 100%;\r\n        height: auto;\r\n        object-fit: cover;\r\n        border: none;\r\n    }\r\n<\/style>\r\n\r\n<script>\r\n    document.addEventListener('DOMContentLoaded', function() {\r\n        var video = document.getElementById('ticodevs-video');\r\n\r\n        video.play().catch(function(error) {\r\n            console.log('La reproducci\u00f3n autom\u00e1tica no fue permitida, se requiere interacci\u00f3n:', error);\r\n        });\r\n\r\n        document.body.addEventListener('touchstart', function() {\r\n            if (video.paused) {\r\n                video.play().catch(function(error) {\r\n                    console.log('Error al intentar reproducir despu\u00e9s de la interacci\u00f3n:', error);\r\n                });\r\n            }\r\n        });\r\n\r\n        document.body.addEventListener('click', function() {\r\n            if (video.paused) {\r\n                video.play().catch(function(error) {\r\n                    console.log('Error al intentar reproducir despu\u00e9s del clic:', error);\r\n                });\r\n            }\r\n        });\r\n    });\r\n<\/script>\r\n\t\t\t\t<\/div>\n\t\t\t\t<\/div>\n\t\t\t\t\t<\/div>\n\t\t\t\t<\/div>\n\t\t\t\t<\/div>","protected":false},"excerpt":{"rendered":"<p>Coming soon News and Trends Blog<\/p>","protected":false},"author":1,"featured_media":0,"parent":0,"menu_order":0,"comment_status":"closed","ping_status":"closed","template":"","meta":{"_monsterinsights_skip_tracking":false,"_monsterinsights_sitenote_active":false,"_monsterinsights_sitenote_note":"","_monsterinsights_sitenote_category":0,"site-sidebar-layout":"no-sidebar","site-content-layout":"","ast-site-content-layout":"full-width-container","site-content-style":"default","site-sidebar-style":"default","ast-global-header-display":"","ast-banner-title-visibility":"","ast-main-header-display":"","ast-hfb-above-header-display":"","ast-hfb-below-header-display":"","ast-hfb-mobile-header-display":"","site-post-title":"disabled","ast-breadcrumbs-content":"","ast-featured-img":"disabled","footer-sml-layout":"","ast-disable-related-posts":"","theme-transparent-header-meta":"","adv-header-id-meta":"","stick-header-meta":"","header-above-stick-meta":"","header-main-stick-meta":"","header-below-stick-meta":"","astra-migrate-meta-layouts":"default","ast-page-background-enabled":"default","ast-page-background-meta":{"desktop":{"background-color":"var(--ast-global-color-4)","background-image":"","background-repeat":"repeat","background-position":"center center","background-size":"auto","background-attachment":"scroll","background-type":"","background-media":"","overlay-type":"","overlay-color":"","overlay-opacity":"","overlay-gradient":""},"tablet":{"background-color":"","background-image":"","background-repeat":"repeat","background-position":"center center","background-size":"auto","background-attachment":"scroll","background-type":"","background-media":"","overlay-type":"","overlay-color":"","overlay-opacity":"","overlay-gradient":""},"mobile":{"background-color":"","background-image":"","background-repeat":"repeat","background-position":"center center","background-size":"auto","background-attachment":"scroll","background-type":"","background-media":"","overlay-type":"","overlay-color":"","overlay-opacity":"","overlay-gradient":""}},"ast-content-background-meta":{"desktop":{"background-color":"var(--ast-global-color-5)","background-image":"","background-repeat":"repeat","background-position":"center center","background-size":"auto","background-attachment":"scroll","background-type":"","background-media":"","overlay-type":"","overlay-color":"","overlay-opacity":"","overlay-gradient":""},"tablet":{"background-color":"var(--ast-global-color-5)","background-image":"","background-repeat":"repeat","background-position":"center center","background-size":"auto","background-attachment":"scroll","background-type":"","background-media":"","overlay-type":"","overlay-color":"","overlay-opacity":"","overlay-gradient":""},"mobile":{"background-color":"var(--ast-global-color-5)","background-image":"","background-repeat":"repeat","background-position":"center center","background-size":"auto","background-attachment":"scroll","background-type":"","background-media":"","overlay-type":"","overlay-color":"","overlay-opacity":"","overlay-gradient":""}},"_joinchat":[],"footnotes":""},"class_list":["post-346","page","type-page","status-publish","hentry"],"aioseo_notices":[],"_links":{"self":[{"href":"https:\/\/ticodevscr.com\/en_us\/wp-json\/wp\/v2\/pages\/346","targetHints":{"allow":["GET"]}}],"collection":[{"href":"https:\/\/ticodevscr.com\/en_us\/wp-json\/wp\/v2\/pages"}],"about":[{"href":"https:\/\/ticodevscr.com\/en_us\/wp-json\/wp\/v2\/types\/page"}],"author":[{"embeddable":true,"href":"https:\/\/ticodevscr.com\/en_us\/wp-json\/wp\/v2\/users\/1"}],"replies":[{"embeddable":true,"href":"https:\/\/ticodevscr.com\/en_us\/wp-json\/wp\/v2\/comments?post=346"}],"version-history":[{"count":34,"href":"https:\/\/ticodevscr.com\/en_us\/wp-json\/wp\/v2\/pages\/346\/revisions"}],"predecessor-version":[{"id":828,"href":"https:\/\/ticodevscr.com\/en_us\/wp-json\/wp\/v2\/pages\/346\/revisions\/828"}],"wp:attachment":[{"href":"https:\/\/ticodevscr.com\/en_us\/wp-json\/wp\/v2\/media?parent=346"}],"curies":[{"name":"wp","href":"https:\/\/api.w.org\/{rel}","templated":true}]}}